{"id":745,"date":"2025-05-27T10:15:03","date_gmt":"2025-05-27T08:15:03","guid":{"rendered":"https:\/\/dreamscapes.ovh\/?page_id=745"},"modified":"2025-06-01T11:19:16","modified_gmt":"2025-06-01T09:19:16","slug":"restaurations","status":"publish","type":"page","link":"https:\/\/dreamscapes.ovh\/index.php\/restaurations\/","title":{"rendered":"Restaurations"},"content":{"rendered":"\t\t<div data-elementor-type=\"wp-page\" data-elementor-id=\"745\" class=\"elementor elementor-745\">\n\t\t\t\t<div class=\"elementor-element elementor-element-92e72cd e-flex e-con-boxed e-con e-parent\" data-id=\"92e72cd\" data-element_type=\"container\">\n\t\t\t\t\t<div class=\"e-con-inner\">\n\t\t\t\t<div class=\"elementor-element elementor-element-4b409e4 elementor-widget elementor-widget-heading\" data-id=\"4b409e4\" data-element_type=\"widget\" data-widget_type=\"heading.default\">\n\t\t\t\t<div class=\"elementor-widget-container\">\n\t\t\t\t\t<h1 class=\"elementor-heading-title elementor-size-default\">Bienvenue dans cette section gourmande !<\/h1>\t\t\t\t<\/div>\n\t\t\t\t<\/div>\n\t\t\t\t\t<\/div>\n\t\t\t\t<\/div>\n\t\t<div class=\"elementor-element elementor-element-3afdf89 e-flex e-con-boxed e-con e-parent\" data-id=\"3afdf89\" data-element_type=\"container\">\n\t\t\t\t\t<div class=\"e-con-inner\">\n\t\t\t\t<div class=\"elementor-element elementor-element-51ddc94 elementor-widget elementor-widget-text-editor\" data-id=\"51ddc94\" data-element_type=\"widget\" data-settings=\"{&quot;_animation&quot;:&quot;none&quot;}\" data-widget_type=\"text-editor.default\">\n\t\t\t\t<div class=\"elementor-widget-container\">\n\t\t\t\t\t\t\t\t\t<p style=\"text-align: center;\">Dans cette section de ce site, nous vous invitons \u00e0 voyager gustativement.<\/p><p style=\"text-align: center;\">Nous d\u00e9couvrons des mets de France, des Etats-Unis et autres&#8230;<\/p><p style=\"text-align: center;\">Prenez place \u00e0 table avec nous, mettez votre serviettes, couverts en mains et c&rsquo;est partit pour la d\u00e9gustation&#8230;<\/p>\t\t\t\t\t\t\t\t<\/div>\n\t\t\t\t<\/div>\n\t\t\t\t<div class=\"elementor-element elementor-element-7c16998 elementor-widget elementor-widget-image\" data-id=\"7c16998\" data-element_type=\"widget\" data-settings=\"{&quot;_animation&quot;:&quot;none&quot;}\" data-widget_type=\"image.default\">\n\t\t\t\t<div class=\"elementor-widget-container\">\n\t\t\t\t\t\t\t\t\t\t\t\t\t\t\t<img fetchpriority=\"high\" decoding=\"async\" width=\"486\" height=\"200\" src=\"https:\/\/dreamscapes.ovh\/wp-content\/uploads\/2025\/05\/200.gif\" class=\"attachment-large size-large wp-image-749\" alt=\"\" \/>\t\t\t\t\t\t\t\t\t\t\t\t\t\t\t<\/div>\n\t\t\t\t<\/div>\n\t\t\t\t\t<\/div>\n\t\t\t\t<\/div>\n\t\t<div class=\"elementor-element elementor-element-1e069f4 e-flex e-con-boxed e-con e-parent\" data-id=\"1e069f4\" data-element_type=\"container\">\n\t\t\t\t\t<div class=\"e-con-inner\">\n\t\t<div class=\"elementor-element elementor-element-ba28fe1 e-con-full e-flex e-con e-child\" data-id=\"ba28fe1\" data-element_type=\"container\">\n\t\t\t\t<div class=\"elementor-element elementor-element-c0663aa animated-slow elementor-invisible elementor-widget elementor-widget-image\" data-id=\"c0663aa\" data-element_type=\"widget\" data-settings=\"{&quot;_animation&quot;:&quot;zoomIn&quot;}\" data-widget_type=\"image.default\">\n\t\t\t\t<div class=\"elementor-widget-container\">\n\t\t\t\t\t\t\t\t\t\t\t\t\t\t\t\t<a href=\"https:\/\/dreamscapes.ovh\/index.php\/orlando-walt-disney-world\/\">\n\t\t\t\t\t\t\t<img decoding=\"async\" width=\"600\" height=\"600\" src=\"https:\/\/dreamscapes.ovh\/wp-content\/uploads\/2025\/06\/vignette-tete-mickey-MK.png\" class=\"attachment-large size-large wp-image-770\" alt=\"\" srcset=\"https:\/\/dreamscapes.ovh\/wp-content\/uploads\/2025\/06\/vignette-tete-mickey-MK.png 600w, https:\/\/dreamscapes.ovh\/wp-content\/uploads\/2025\/06\/vignette-tete-mickey-MK-300x300.png 300w, https:\/\/dreamscapes.ovh\/wp-content\/uploads\/2025\/06\/vignette-tete-mickey-MK-150x150.png 150w\" sizes=\"(max-width: 600px) 100vw, 600px\" \/>\t\t\t\t\t\t\t\t<\/a>\n\t\t\t\t\t\t\t\t\t\t\t\t\t\t\t<\/div>\n\t\t\t\t<\/div>\n\t\t\t\t<\/div>\n\t\t<div class=\"elementor-element elementor-element-850dce4 e-con-full e-flex e-con e-child\" data-id=\"850dce4\" data-element_type=\"container\">\n\t\t\t\t<div class=\"elementor-element elementor-element-a6da6cb animated-slow elementor-invisible elementor-widget elementor-widget-image\" data-id=\"a6da6cb\" data-element_type=\"widget\" data-settings=\"{&quot;_animation&quot;:&quot;zoomIn&quot;,&quot;_animation_delay&quot;:500}\" data-widget_type=\"image.default\">\n\t\t\t\t<div class=\"elementor-widget-container\">\n\t\t\t\t\t\t\t\t\t\t\t\t\t\t\t<img decoding=\"async\" width=\"500\" height=\"500\" src=\"https:\/\/dreamscapes.ovh\/wp-content\/uploads\/2025\/06\/logo-PUY-DU-FOU.jpeg\" class=\"attachment-large size-large wp-image-772\" alt=\"\" srcset=\"https:\/\/dreamscapes.ovh\/wp-content\/uploads\/2025\/06\/logo-PUY-DU-FOU.jpeg 500w, https:\/\/dreamscapes.ovh\/wp-content\/uploads\/2025\/06\/logo-PUY-DU-FOU-300x300.jpeg 300w, https:\/\/dreamscapes.ovh\/wp-content\/uploads\/2025\/06\/logo-PUY-DU-FOU-150x150.jpeg 150w\" sizes=\"(max-width: 500px) 100vw, 500px\" \/>\t\t\t\t\t\t\t\t\t\t\t\t\t\t\t<\/div>\n\t\t\t\t<\/div>\n\t\t\t\t<\/div>\n\t\t<div class=\"elementor-element elementor-element-ea590fa e-con-full e-flex e-con e-child\" data-id=\"ea590fa\" data-element_type=\"container\">\n\t\t\t\t<\/div>\n\t\t<div class=\"elementor-element elementor-element-16afd4f e-con-full e-flex e-con e-child\" data-id=\"16afd4f\" data-element_type=\"container\">\n\t\t\t\t<\/div>\n\t\t\t\t\t<\/div>\n\t\t\t\t<\/div>\n\t\t\t\t<\/div>\n\t\t","protected":false},"excerpt":{"rendered":"<p>Bienvenue dans cette section gourmande ! Dans cette section de ce site, nous vous invitons \u00e0 voyager gustativement. Nous d\u00e9couvrons des mets de France, des Etats-Unis et autres&#8230; Prenez place \u00e0 table avec nous, mettez votre serviettes, couverts en mains et c&rsquo;est partit pour la d\u00e9gustation&#8230;<\/p>\n","protected":false},"author":1,"featured_media":0,"parent":0,"menu_order":0,"comment_status":"closed","ping_status":"closed","template":"","meta":{"ocean_post_layout":"","ocean_both_sidebars_style":"","ocean_both_sidebars_content_width":0,"ocean_both_sidebars_sidebars_width":0,"ocean_sidebar":"","ocean_second_sidebar":"","ocean_disable_margins":"enable","ocean_add_body_class":"","ocean_shortcode_before_top_bar":"","ocean_shortcode_after_top_bar":"","ocean_shortcode_before_header":"","ocean_shortcode_after_header":"","ocean_has_shortcode":"","ocean_shortcode_after_title":"","ocean_shortcode_before_footer_widgets":"","ocean_shortcode_after_footer_widgets":"","ocean_shortcode_before_footer_bottom":"","ocean_shortcode_after_footer_bottom":"","ocean_display_top_bar":"default","ocean_display_header":"default","ocean_header_style":"","ocean_center_header_left_menu":"","ocean_custom_header_template":"","ocean_custom_logo":0,"ocean_custom_retina_logo":0,"ocean_custom_logo_max_width":0,"ocean_custom_logo_tablet_max_width":0,"ocean_custom_logo_mobile_max_width":0,"ocean_custom_logo_max_height":0,"ocean_custom_logo_tablet_max_height":0,"ocean_custom_logo_mobile_max_height":0,"ocean_header_custom_menu":"","ocean_menu_typo_font_family":"","ocean_menu_typo_font_subset":"","ocean_menu_typo_font_size":0,"ocean_menu_typo_font_size_tablet":0,"ocean_menu_typo_font_size_mobile":0,"ocean_menu_typo_font_size_unit":"px","ocean_menu_typo_font_weight":"","ocean_menu_typo_font_weight_tablet":"","ocean_menu_typo_font_weight_mobile":"","ocean_menu_typo_transform":"","ocean_menu_typo_transform_tablet":"","ocean_menu_typo_transform_mobile":"","ocean_menu_typo_line_height":0,"ocean_menu_typo_line_height_tablet":0,"ocean_menu_typo_line_height_mobile":0,"ocean_menu_typo_line_height_unit":"","ocean_menu_typo_spacing":0,"ocean_menu_typo_spacing_tablet":0,"ocean_menu_typo_spacing_mobile":0,"ocean_menu_typo_spacing_unit":"","ocean_menu_link_color":"","ocean_menu_link_color_hover":"","ocean_menu_link_color_active":"","ocean_menu_link_background":"","ocean_menu_link_hover_background":"","ocean_menu_link_active_background":"","ocean_menu_social_links_bg":"","ocean_menu_social_hover_links_bg":"","ocean_menu_social_links_color":"","ocean_menu_social_hover_links_color":"","ocean_disable_title":"default","ocean_disable_heading":"default","ocean_post_title":"","ocean_post_subheading":"","ocean_post_title_style":"","ocean_post_title_background_color":"","ocean_post_title_background":0,"ocean_post_title_bg_image_position":"","ocean_post_title_bg_image_attachment":"","ocean_post_title_bg_image_repeat":"","ocean_post_title_bg_image_size":"","ocean_post_title_height":0,"ocean_post_title_bg_overlay":0.5,"ocean_post_title_bg_overlay_color":"","ocean_disable_breadcrumbs":"default","ocean_breadcrumbs_color":"","ocean_breadcrumbs_separator_color":"","ocean_breadcrumbs_links_color":"","ocean_breadcrumbs_links_hover_color":"","ocean_display_footer_widgets":"default","ocean_display_footer_bottom":"default","ocean_custom_footer_template":"","footnotes":""},"class_list":["post-745","page","type-page","status-publish","hentry","entry"],"_links":{"self":[{"href":"https:\/\/dreamscapes.ovh\/index.php\/wp-json\/wp\/v2\/pages\/745","targetHints":{"allow":["GET"]}}],"collection":[{"href":"https:\/\/dreamscapes.ovh\/index.php\/wp-json\/wp\/v2\/pages"}],"about":[{"href":"https:\/\/dreamscapes.ovh\/index.php\/wp-json\/wp\/v2\/types\/page"}],"author":[{"embeddable":true,"href":"https:\/\/dreamscapes.ovh\/index.php\/wp-json\/wp\/v2\/users\/1"}],"replies":[{"embeddable":true,"href":"https:\/\/dreamscapes.ovh\/index.php\/wp-json\/wp\/v2\/comments?post=745"}],"version-history":[{"count":19,"href":"https:\/\/dreamscapes.ovh\/index.php\/wp-json\/wp\/v2\/pages\/745\/revisions"}],"predecessor-version":[{"id":784,"href":"https:\/\/dreamscapes.ovh\/index.php\/wp-json\/wp\/v2\/pages\/745\/revisions\/784"}],"wp:attachment":[{"href":"https:\/\/dreamscapes.ovh\/index.php\/wp-json\/wp\/v2\/media?parent=745"}],"curies":[{"name":"wp","href":"https:\/\/api.w.org\/{rel}","templated":true}]}}